{"id":32237,"date":"2023-06-12T20:50:24","date_gmt":"2023-06-12T18:50:24","guid":{"rendered":"https:\/\/oicaboverde.com\/ens-importa-la-qualitat\/"},"modified":"2025-08-13T16:57:25","modified_gmt":"2025-08-13T14:57:25","slug":"ens-importa-la-qualitat","status":"publish","type":"page","link":"https:\/\/oicaboverde.com\/ca\/ens-importa-la-qualitat\/","title":{"rendered":"Ens importa la qualitat"},"content":{"rendered":"\t\t<div data-elementor-type=\"wp-page\" data-elementor-id=\"32237\" class=\"elementor elementor-32237 elementor-24722\">\n\t\t\t\t<div class=\"elementor-element elementor-element-a2240ee e-flex e-con-boxed e-con e-parent\" data-id=\"a2240ee\" data-element_type=\"container\" data-e-type=\"container\" data-settings=\"{&quot;jet_parallax_layout_list&quot;:[]}\">\n\t\t\t\t\t<div class=\"e-con-inner\">\n\t\t<div class=\"elementor-element elementor-element-e9fdfaf e-con-full e-flex e-con e-child\" data-id=\"e9fdfaf\" data-element_type=\"container\" data-e-type=\"container\" data-settings=\"{&quot;jet_parallax_layout_list&quot;:[]}\">\n\t\t\t\t<div class=\"elementor-element elementor-element-aa16f1c elementor-widget elementor-widget-heading\" data-id=\"aa16f1c\" data-element_type=\"widget\" data-e-type=\"widget\" data-widget_type=\"heading.default\">\n\t\t\t\t<div class=\"elementor-widget-container\">\n\t\t\t\t\t<h2 class=\"elementor-heading-title elementor-size-default\">Apostem per la qualitat i un impacte positiu<\/h2>\t\t\t\t<\/div>\n\t\t\t\t<\/div>\n\t\t\t\t<div class=\"elementor-element elementor-element-8507038 elementor-widget elementor-widget-text-editor\" data-id=\"8507038\" data-element_type=\"widget\" data-e-type=\"widget\" data-widget_type=\"text-editor.default\">\n\t\t\t\t<div class=\"elementor-widget-container\">\n\t\t\t\t\t\t\t\t\t<p>A Oi Cabo Verde limitem l&#8217;entrada de viatgers a l&#8217;arxip\u00e8lag crioll per tal d&#8217;oferir la <b>millor experi\u00e8ncia possible<\/b> .<\/p><p>Tant nosaltres com els nostres partners locals no treballem amb viatges de darrera hora un cop tenim els serveis ocupats. Apostem sempre per un <b>creixement sostenible<\/b> i sostingut, aix\u00ed que prioritzem la <b>qualitat<\/b> en comptes de la quantitat.<\/p><p>Cap Verd \u00e9s una destinaci\u00f3 tur\u00edstica que est\u00e0 <b>creixent molt<\/b> , per\u00f2 tant nosaltres com tots els nostres partners locals ho volem fer de forma sostinguda.<\/p><p><b>Per sort<\/b> , malgrat el creixement, els nivells de turisme s\u00f3n encara molt baixos comparats amb altres destins, ja que relativament pocs anys enrere encara era una destinaci\u00f3 pr\u00e0cticament \u00abverge\u00bb. Aix\u00f2 s\u00ed, en aquest cas, l&#8217;oferta i la demanda no van alhora sent la primera limitada, cosa que la converteix en m\u00e9s <b>exclusiva<\/b> . M\u00e9s enll\u00e0 dels grans hotels i resorts a Sal, la resta d\u00b4illes ofereixen opcions molt m\u00e9s properes, acollidores, aut\u00e8ntiques i sostenibles.<\/p><p>La nostra finalitat \u00e9s preservar l&#8217;ess\u00e8ncia que tant caracteritza aquestes illes i intentem sempre buscar un <b>impacte el m\u00e9s positiu possible<\/b> dins del turisme.<\/p><p>\u00c9s per tot aix\u00f2 que un cop esgotem la <b>disponibilitat<\/b> dels nostres serveis, i sempre per motius de qualitat i sostenibilitat, <b>tanquem la disponibilitat<\/b> de viatges en determinades finestres de temps.<\/p><p>Tamb\u00e9 demanem un <b>m\u00ednim de <strong>30 dies<\/strong><\/b> d&#8217;antelaci\u00f3 per sol\u00b7licitar un viatge amb Oi Cabo Verde. A causa de la demanda, aquests 30 dies en moltes ocasions es converteixen en <b>60<\/b> , o fins a <b>90 en temporades altes<\/b> . Aix\u00ed que sempre recomanem viatjar amb la m\u00e0xima antelaci\u00f3.<\/p><p>En \u00e8poques d&#8217;alta demanda de sol\u00b7licituds de viatge, tamb\u00e9 podem <b>tancar temporalment<\/b> l&#8217;acc\u00e9s a les mateixes, ja que som una petita empresa especialitzada en viatges personalitzats i no volem baixar-ne la qualitat. Si aix\u00f2 passa, et demanem disculpes i agra\u00efm la paci\u00e8ncia.<\/p><p>Moltes gr\u00e0cies per la comprensi\u00f3 i haver aguantat llegint fins aqu\u00ed.<\/p><p>Estarem encantats d&#8217;ajudar-te aviat!<\/p><p>Equip d&#8217;Oi Cabo Verde<\/p>\t\t\t\t\t\t\t\t<\/div>\n\t\t\t\t<\/div>\n\t\t\t\t<\/div>\n\t\t\t\t\t<\/div>\n\t\t\t\t<\/div>\n\t\t\t\t<\/div>\n\t\t","protected":false},"excerpt":{"rendered":"<p>Apostem per la qualitat i un impacte positiu A Oi Cabo Verde limitem l&#8217;entrada de viatgers a l&#8217;arxip\u00e8lag crioll per tal d&#8217;oferir la millor experi\u00e8ncia possible . Tant nosaltres com els nostres partners locals no treballem amb viatges de darrera hora un cop tenim els serveis ocupats. Apostem sempre per un creixement sostenible i sostingut, [&hellip;]<\/p>\n","protected":false},"author":1,"featured_media":25197,"parent":0,"menu_order":0,"comment_status":"closed","ping_status":"closed","template":"elementor_header_footer","meta":{"_acf_changed":false,"inline_featured_image":false,"footnotes":""},"class_list":["post-32237","page","type-page","status-publish","has-post-thumbnail","hentry"],"acf":[],"_links":{"self":[{"href":"https:\/\/oicaboverde.com\/ca\/wp-json\/wp\/v2\/pages\/32237","targetHints":{"allow":["GET"]}}],"collection":[{"href":"https:\/\/oicaboverde.com\/ca\/wp-json\/wp\/v2\/pages"}],"about":[{"href":"https:\/\/oicaboverde.com\/ca\/wp-json\/wp\/v2\/types\/page"}],"author":[{"embeddable":true,"href":"https:\/\/oicaboverde.com\/ca\/wp-json\/wp\/v2\/users\/1"}],"replies":[{"embeddable":true,"href":"https:\/\/oicaboverde.com\/ca\/wp-json\/wp\/v2\/comments?post=32237"}],"version-history":[{"count":12,"href":"https:\/\/oicaboverde.com\/ca\/wp-json\/wp\/v2\/pages\/32237\/revisions"}],"predecessor-version":[{"id":33791,"href":"https:\/\/oicaboverde.com\/ca\/wp-json\/wp\/v2\/pages\/32237\/revisions\/33791"}],"wp:featuredmedia":[{"embeddable":true,"href":"https:\/\/oicaboverde.com\/ca\/wp-json\/wp\/v2\/media\/25197"}],"wp:attachment":[{"href":"https:\/\/oicaboverde.com\/ca\/wp-json\/wp\/v2\/media?parent=32237"}],"curies":[{"name":"wp","href":"https:\/\/api.w.org\/{rel}","templated":true}]}}