{"id":32322,"date":"2018-07-03T16:53:51","date_gmt":"2018-07-03T14:53:51","guid":{"rendered":"https:\/\/oicaboverde.com\/aviso-legal\/"},"modified":"2025-08-05T13:10:58","modified_gmt":"2025-08-05T11:10:58","slug":"aviso-legal","status":"publish","type":"page","link":"https:\/\/oicaboverde.com\/ca\/aviso-legal\/","title":{"rendered":"Aviso Legal"},"content":{"rendered":"\t\t<div data-elementor-type=\"wp-page\" data-elementor-id=\"32322\" class=\"elementor elementor-32322 elementor-20379\">\n\t\t\t\t<div class=\"elementor-element elementor-element-de5ff55 e-flex e-con-boxed e-con e-parent\" data-id=\"de5ff55\" data-element_type=\"container\" data-e-type=\"container\" data-settings=\"{&quot;jet_parallax_layout_list&quot;:[]}\">\n\t\t\t\t\t<div class=\"e-con-inner\">\n\t\t<div class=\"elementor-element elementor-element-87d11ea e-con-full e-flex e-con e-child\" data-id=\"87d11ea\" data-element_type=\"container\" data-e-type=\"container\" data-settings=\"{&quot;jet_parallax_layout_list&quot;:[]}\">\n\t\t\t\t<div class=\"elementor-element elementor-element-6fa4c1a elementor-widget elementor-widget-heading\" data-id=\"6fa4c1a\" data-element_type=\"widget\" data-e-type=\"widget\" data-widget_type=\"heading.default\">\n\t\t\t\t<div class=\"elementor-widget-container\">\n\t\t\t\t\t<h2 class=\"elementor-heading-title elementor-size-default\">Aviso legal<\/h2>\t\t\t\t<\/div>\n\t\t\t\t<\/div>\n\t\t\t\t<div class=\"elementor-element elementor-element-ac84b88 elementor-widget elementor-widget-text-editor\" data-id=\"ac84b88\" data-element_type=\"widget\" data-e-type=\"widget\" data-widget_type=\"text-editor.default\">\n\t\t\t\t<div class=\"elementor-widget-container\">\n\t\t\t\t\t\t\t\t\t<p>FER &amp; FEL TRIP, S.L., con CIF\/NIF no: B66150442 y direcci\u00f3n en: Rossell\u00f3 340. 6-2 esc. izquierda, 08025 \u2013 Barcelona (Barcelona), no puede asumir ninguna responsabilidad derivada del uso incorrecto, inapropiado o il\u00edcito de la informaci\u00f3n aparecida en las p\u00e1ginas web de: www.oicaboverde.com<\/p><p>Que FER &amp; FEL TRIP, S.L. consta inscrita en el Registro Mercantil de Barcelona,<br \/>Tomo 43998, Folio 88, Hoja 444030, secci\u00f3n, \u00a0inscripci\u00f3n 1.<\/p><p>Con los l\u00edmites establecidos en la ley, FER &amp; FEL TRIP, S.L. no asume ninguna responsabilidad derivada de la falta de veracidad, integridad, actualizaci\u00f3n y precisi\u00f3n de los datos o informaciones que contienen sus p\u00e1ginas web.<\/p><p>Los contenidos e informaci\u00f3n no vinculan a FER &amp; FEL TRIP, S.L. ni constituyen opiniones, consejos o asesoramiento legal de ning\u00fan tipo pues se trata meramente de un servicio ofrecido con car\u00e1cter informativo y divulgativo.<\/p><p>Las p\u00e1ginas de Internet de FER &amp; FEL TRIP, S.L. pueden contener enlaces (links) a otras p\u00e1ginas de terceras partes que FER &amp; FEL TRIP, S.L. no puede controlar. Por lo tanto, FER &amp; FEL TRIP, S.L. no puede asumir responsabilidades por el contenido que pueda aparecer en p\u00e1ginas de terceros.<\/p><p>Los textos, im\u00e1genes, sonidos, animaciones, software y el resto de contenidos incluidos en este website son propiedad exclusiva de FER &amp; FEL TRIP, S.L. o sus licenciantes. Cualquier acto de transmisi\u00f3n, distribuci\u00f3n, cesi\u00f3n, reproducci\u00f3n, almacenamiento o comunicaci\u00f3n p\u00fablica total o parcial, deber\u00e1 contar con el consentimiento expreso de FER &amp; FEL TRIP, S.L..<\/p><p>Asimismo, para acceder a algunos de los servicios que FER &amp; FEL TRIP, S.L. ofrece a trav\u00e9s del sitio web, deber\u00e1 proporcionar algunos datos de car\u00e1cter personal. En cumplimiento de lo establecido en el Reglamento (UE) 2016\/679 del Parlamento Europeo y del Consejo, de 27 de abril de 2016, relativo a la protecci\u00f3n de las personas f\u00edsicas en lo que respecta al tratamiento de datos personales y a la libre circulaci\u00f3n de estos datos le informamos que, mediante la cumplimentaci\u00f3n de los presentes formularios, sus datos personales quedar\u00e1n incorporados y ser\u00e1n tratados en los ficheros de FER &amp; FEL TRIP, S.L. con el fin de poderle prestar y ofrecer nuestros servicios as\u00ed como para informarle de las mejoras del sitio Web.<\/p><p>Le informamos tambi\u00e9n de que tendr\u00e1 la posibilidad en todo momento de ejercer los derechos de acceso, rectificaci\u00f3n, cancelaci\u00f3n, oposici\u00f3n, limitaci\u00f3n y portabilidad de sus datos de car\u00e1cter personal, de manera gratuita mediante email a: hola@oicaboverde.com o en la direcci\u00f3n: Rossell\u00f3 340. 6-2 esc. izquierda, 08025 \u2013 Barcelona (Barcelona).<\/p>\t\t\t\t\t\t\t\t<\/div>\n\t\t\t\t<\/div>\n\t\t\t\t<\/div>\n\t\t\t\t\t<\/div>\n\t\t\t\t<\/div>\n\t\t\t\t<\/div>\n\t\t","protected":false},"excerpt":{"rendered":"<p>Aviso legal FER &amp; FEL TRIP, S.L., con CIF\/NIF no: B66150442 y direcci\u00f3n en: Rossell\u00f3 340. 6-2 esc. izquierda, 08025 \u2013 Barcelona (Barcelona), no puede asumir ninguna responsabilidad derivada del uso incorrecto, inapropiado o il\u00edcito de la informaci\u00f3n aparecida en las p\u00e1ginas web de: www.oicaboverde.com Que FER &amp; FEL TRIP, S.L. consta inscrita en el [&hellip;]<\/p>\n","protected":false},"author":1,"featured_media":25197,"parent":0,"menu_order":0,"comment_status":"closed","ping_status":"closed","template":"elementor_header_footer","meta":{"_acf_changed":false,"inline_featured_image":false,"footnotes":""},"class_list":["post-32322","page","type-page","status-publish","has-post-thumbnail","hentry"],"acf":[],"_links":{"self":[{"href":"https:\/\/oicaboverde.com\/ca\/wp-json\/wp\/v2\/pages\/32322","targetHints":{"allow":["GET"]}}],"collection":[{"href":"https:\/\/oicaboverde.com\/ca\/wp-json\/wp\/v2\/pages"}],"about":[{"href":"https:\/\/oicaboverde.com\/ca\/wp-json\/wp\/v2\/types\/page"}],"author":[{"embeddable":true,"href":"https:\/\/oicaboverde.com\/ca\/wp-json\/wp\/v2\/users\/1"}],"replies":[{"embeddable":true,"href":"https:\/\/oicaboverde.com\/ca\/wp-json\/wp\/v2\/comments?post=32322"}],"version-history":[{"count":1,"href":"https:\/\/oicaboverde.com\/ca\/wp-json\/wp\/v2\/pages\/32322\/revisions"}],"predecessor-version":[{"id":32980,"href":"https:\/\/oicaboverde.com\/ca\/wp-json\/wp\/v2\/pages\/32322\/revisions\/32980"}],"wp:featuredmedia":[{"embeddable":true,"href":"https:\/\/oicaboverde.com\/ca\/wp-json\/wp\/v2\/media\/25197"}],"wp:attachment":[{"href":"https:\/\/oicaboverde.com\/ca\/wp-json\/wp\/v2\/media?parent=32322"}],"curies":[{"name":"wp","href":"https:\/\/api.w.org\/{rel}","templated":true}]}}